{"id":104396,"date":"2022-02-09T10:39:55","date_gmt":"2022-02-09T13:39:55","guid":{"rendered":"https:\/\/acs.org.br\/antigo\/?post_type=product&#038;p=104396"},"modified":"2024-05-29T16:16:42","modified_gmt":"2024-05-29T19:16:42","slug":"classificacao-e-degustacao-de-cafe","status":"publish","type":"product","link":"https:\/\/acs.org.br\/academy\/product\/classificacao-e-degustacao-de-cafe\/","title":{"rendered":"Classifica\u00e7\u00e3o e degusta\u00e7\u00e3o de caf\u00e9"},"content":{"rendered":"","protected":false},"excerpt":{"rendered":"","protected":false},"featured_media":0,"comment_status":"open","ping_status":"closed","template":"","meta":[],"product_cat":[162],"product_tag":[],"_links":{"self":[{"href":"https:\/\/acs.org.br\/academy\/wp-json\/wp\/v2\/product\/104396"}],"collection":[{"href":"https:\/\/acs.org.br\/academy\/wp-json\/wp\/v2\/product"}],"about":[{"href":"https:\/\/acs.org.br\/academy\/wp-json\/wp\/v2\/types\/product"}],"replies":[{"embeddable":true,"href":"https:\/\/acs.org.br\/academy\/wp-json\/wp\/v2\/comments?post=104396"}],"wp:attachment":[{"href":"https:\/\/acs.org.br\/academy\/wp-json\/wp\/v2\/media?parent=104396"}],"wp:term":[{"taxonomy":"product_cat","embeddable":true,"href":"https:\/\/acs.org.br\/academy\/wp-json\/wp\/v2\/product_cat?post=104396"},{"taxonomy":"product_tag","embeddable":true,"href":"https:\/\/acs.org.br\/academy\/wp-json\/wp\/v2\/product_tag?post=104396"}],"curies":[{"name":"wp","href":"https:\/\/api.w.org\/{rel}","templated":true}]}}