{"id":95,"date":"2021-04-16T10:18:04","date_gmt":"2021-04-16T10:18:04","guid":{"rendered":"http:\/\/localhost:8888\/?page_id=95"},"modified":"2023-01-12T10:38:46","modified_gmt":"2023-01-12T13:38:46","slug":"solicitacao-de-certificados-de-origem-oic-cafe","status":"publish","type":"page","link":"https:\/\/acs.org.br\/academy\/solicitacao-de-certificados-de-origem-oic-cafe\/","title":{"rendered":"Solicita\u00e7\u00e3o de Certificados de Origem OIC &#8211; Caf\u00e9"},"content":{"rendered":"<p>Certificado exclusivo para os exportadores de caf\u00e9 que tenham o c\u00f3digo da Organiza\u00e7\u00e3o Internacional do Caf\u00e9 (OIC), fornecido pelo Conselho dos Exportadores de Caf\u00e9 do Brasil (Cecaf\u00e9).<\/p>\n<p>O sistema SOIC permite ao exportador emitir o\u00a0<strong>Certificado de Origem OIC &#8211; Organiza\u00e7\u00e3o Internacional do Caf\u00e9<\/strong>\u00a0online.<\/p>\n<p>Para solicitar o acesso ao sistema SOIC de emiss\u00e3o de certificado OIC, \u00e9 necess\u00e1rio que o exportador tenha o documento de cadastro fornecido pelo Cecaf\u00e9, pois este ser\u00e1 anexado no ato do cadastramento.<\/p>\n<p><!-- \n\n\n\n<p><a href=\"https:\/\/acs.org.br\/antigo\/certificado-de-origem-diversos-produtos\/\" rel=\"noopener\">Formul\u00e1rio para cadastro no sistema de certificado OIC (SOIC)<\/a><\/p>\n\n\n\n --><\/p>\n<p><a href=\"http:\/\/www.acs.org.br\/soic\/\" target=\"_blank\" rel=\"noopener\">Acesso ao sistema de certificado OIC (SOIC)<\/a><\/p>\n<p><a href=\"https:\/\/acs.org.br\/antigo\/csoic\/\">Formul\u00e1rio de Cadastro de Exportador (CSOIC)<\/a><\/p>\n<p>&nbsp;<\/p>\n<p>Estamos \u00e0 disposi\u00e7\u00e3o para outras informa\u00e7\u00f5es, sugest\u00f5es e coment\u00e1rios:<\/p>\n<p><strong>Associa\u00e7\u00e3o Comercial de Santos<\/strong><br \/>\nDepartamento de Certifica\u00e7\u00e3o de Origem<br \/>\nTelefone (13) 3212-8200<br \/>\nRua XV de Novembro, 137 &#8211; Centro Hist\u00f3rico<br \/>\n11010-151 Santos &#8211; SP<br \/>\n<a href=\"mailto:certificado@acs.org.br\">certificado@acs.org.br<\/a><\/p>\n","protected":false},"excerpt":{"rendered":"<p>Certificado exclusivo para os exportadores de caf\u00e9 que tenham o c\u00f3digo da Organiza\u00e7\u00e3o Internacional do Caf\u00e9 (OIC), fornecido pelo Conselho dos Exportadores de Caf\u00e9 do Brasil (Cecaf\u00e9). O sistema SOIC permite ao exportador emitir o\u00a0Certificado de Origem OIC &#8211; Organiza\u00e7\u00e3o Internacional do Caf\u00e9\u00a0online. Para solicitar o acesso ao sistema SOIC de emiss\u00e3o de certificado OIC, [&hellip;]<\/p>\n","protected":false},"author":1,"featured_media":0,"parent":0,"menu_order":0,"comment_status":"closed","ping_status":"closed","template":"pages\/page-internas.php","meta":{"footnotes":""},"_links":{"self":[{"href":"https:\/\/acs.org.br\/academy\/wp-json\/wp\/v2\/pages\/95"}],"collection":[{"href":"https:\/\/acs.org.br\/academy\/wp-json\/wp\/v2\/pages"}],"about":[{"href":"https:\/\/acs.org.br\/academy\/wp-json\/wp\/v2\/types\/page"}],"author":[{"embeddable":true,"href":"https:\/\/acs.org.br\/academy\/wp-json\/wp\/v2\/users\/1"}],"replies":[{"embeddable":true,"href":"https:\/\/acs.org.br\/academy\/wp-json\/wp\/v2\/comments?post=95"}],"version-history":[{"count":7,"href":"https:\/\/acs.org.br\/academy\/wp-json\/wp\/v2\/pages\/95\/revisions"}],"predecessor-version":[{"id":113461,"href":"https:\/\/acs.org.br\/academy\/wp-json\/wp\/v2\/pages\/95\/revisions\/113461"}],"wp:attachment":[{"href":"https:\/\/acs.org.br\/academy\/wp-json\/wp\/v2\/media?parent=95"}],"curies":[{"name":"wp","href":"https:\/\/api.w.org\/{rel}","templated":true}]}}