{"id":90,"date":"2021-04-16T10:09:54","date_gmt":"2021-04-16T10:09:54","guid":{"rendered":"http:\/\/localhost:8888\/?page_id=90"},"modified":"2022-04-30T11:03:33","modified_gmt":"2022-04-30T14:03:33","slug":"certificado-de-origem-diversos-produtos","status":"publish","type":"page","link":"https:\/\/acs.org.br\/academy\/certificado-de-origem-diversos-produtos\/","title":{"rendered":"Certificado de Origem &#8211; Diversos Produtos"},"content":{"rendered":"<p>O Certificado de Origem \u00e9 um documento legal que comprova ao pa\u00eds comprador a proced\u00eancia do produto adquirido. O modelo varia de acordo com o bloco econ\u00f4mico de cada na\u00e7\u00e3o importadora.<\/p>\n<p>Embora seja exigido pelo importador e\/ou pela aduana do pa\u00eds importador com fins de redu\u00e7\u00e3o ou isen\u00e7\u00e3o do imposto de importa\u00e7\u00e3o, o Certificado de Origem tamb\u00e9m pode ser solicitado pelo pr\u00f3prio exportador, ainda que seu cliente n\u00e3o tenha qualquer benef\u00edcio tribut\u00e1rio. Neste caso, o envio deste documento junto aos demais documentos de exporta\u00e7\u00e3o traz maior credibilidade e oferece diferencial de competitividade.<\/p>\n<p>A Associa\u00e7\u00e3o Comercial de Santos presta o servi\u00e7o de emiss\u00e3o do Certificado de Origem, tanto para as empresas associadas (que t\u00eam desconto nos valores), quanto para as n\u00e3o associadas.\u00a0<\/p>\n<p><strong>Benef\u00edcios da Certifica\u00e7\u00e3o de Origem<\/strong><\/p>\n<p>Os benef\u00edcios do Certificado de Origem s\u00e3o muitos para o importador, para o exportador e para a sociedade.<\/p>\n<p>O importador tem reduzidos &#8211; ou mesmo eliminados &#8211; impostos de importa\u00e7\u00e3o, o que resulta em redu\u00e7\u00e3o de custo de opera\u00e7\u00e3o e aumento de competitividade quando se trata de aquisi\u00e7\u00e3o de bens de capital (m\u00e1quinas e equipamentos), insumos ou at\u00e9 bens de consumo final, pois a empresa pode revender tais materiais no mercado interno a pre\u00e7os reduzidos.<\/p>\n<p>Para o exportador, a vantagem \u00e9 ofertar produtos a pre\u00e7os mais competitivos, o que facilita a conquista de mercados, al\u00e9m de gerar ganhos crescentes, com a possibilidade da venda de seus produtos com margens de lucro superiores \u00e0s que teria sem os benef\u00edcios concedidos.<\/p>\n<p>Para os consumidores, o aumento da concorr\u00eancia multiplica as chances de aquisi\u00e7\u00e3o de produtos de melhor qualidade e melhores pre\u00e7os. Sempre que a ind\u00fastria negocia (realiza compra ou venda) com pa\u00edses participantes de acordos com o Brasil, ela pr\u00f3pria, assim como a sociedade, obt\u00e9m benef\u00edcios, pois diante da economia com impostos e aumento das vendas, investe-se no aprimoramento das empresas e na gera\u00e7\u00e3o de novos empregos.<\/p>\n<p>Estamos \u00e0 disposi\u00e7\u00e3o para outras informa\u00e7\u00f5es, sugest\u00f5es e coment\u00e1rios.<\/p>\n<p>\n<strong>Associa\u00e7\u00e3o Comercial de Santos<\/strong><br \/>\n<strong>Departamento de Certifica\u00e7\u00e3o de Origem<\/strong><br \/>\n<a href=\"mailto:certificado@acs.org.br\">certificado@acs.org.br<\/a><br \/>\nTelefone (13) 3212-8200<br \/>\nRua XV de Novembro, 137 &#8211; Centro Hist\u00f3rico<br \/>\n11010-151 Santos &#8211; SP<\/p>\n<ul>\n<li><a href=\"http:\/\/www.acs.org.br\/acordos\" target=\"_blank\" rel=\"noopener\">Acordos<\/a><\/li>\n<\/ul>\n<p>&nbsp;<\/p>\n<p><strong>Para acesso ao sistema, utilize um dos links abaixo:<\/strong><\/p>\n<ul>\n<li><a href=\"https:\/\/goevo.acs.org.br\" target=\"_blank\" rel=\"noopener\">Sistema OnLine de Certificado de Origem<\/a> (Goevo)<\/li>\n<li>Manual b\u00e1sico de utiliza\u00e7\u00e3o do sistema Goevo<\/li>\n<\/ul>\n","protected":false},"excerpt":{"rendered":"<p>O Certificado de Origem \u00e9 um documento legal que comprova ao pa\u00eds comprador a proced\u00eancia do produto adquirido. O modelo varia de acordo com o bloco econ\u00f4mico de cada na\u00e7\u00e3o importadora. Embora seja exigido pelo importador e\/ou pela aduana do pa\u00eds importador com fins de redu\u00e7\u00e3o ou isen\u00e7\u00e3o do imposto de importa\u00e7\u00e3o, o Certificado de [&hellip;]<\/p>\n","protected":false},"author":1,"featured_media":0,"parent":0,"menu_order":0,"comment_status":"closed","ping_status":"closed","template":"pages\/page-certificado-origem.php","meta":{"footnotes":""},"_links":{"self":[{"href":"https:\/\/acs.org.br\/academy\/wp-json\/wp\/v2\/pages\/90"}],"collection":[{"href":"https:\/\/acs.org.br\/academy\/wp-json\/wp\/v2\/pages"}],"about":[{"href":"https:\/\/acs.org.br\/academy\/wp-json\/wp\/v2\/types\/page"}],"author":[{"embeddable":true,"href":"https:\/\/acs.org.br\/academy\/wp-json\/wp\/v2\/users\/1"}],"replies":[{"embeddable":true,"href":"https:\/\/acs.org.br\/academy\/wp-json\/wp\/v2\/comments?post=90"}],"version-history":[{"count":9,"href":"https:\/\/acs.org.br\/academy\/wp-json\/wp\/v2\/pages\/90\/revisions"}],"predecessor-version":[{"id":106768,"href":"https:\/\/acs.org.br\/academy\/wp-json\/wp\/v2\/pages\/90\/revisions\/106768"}],"wp:attachment":[{"href":"https:\/\/acs.org.br\/academy\/wp-json\/wp\/v2\/media?parent=90"}],"curies":[{"name":"wp","href":"https:\/\/api.w.org\/{rel}","templated":true}]}}