{"id":83,"date":"2021-04-16T10:06:15","date_gmt":"2021-04-16T10:06:15","guid":{"rendered":"http:\/\/localhost:8888\/?page_id=83"},"modified":"2021-08-09T15:20:37","modified_gmt":"2021-08-09T18:20:37","slug":"codigo-de-etica","status":"publish","type":"page","link":"https:\/\/acs.org.br\/academy\/codigo-de-etica\/","title":{"rendered":"C\u00f3digo de \u00c9tica"},"content":{"rendered":"<p>A Associa\u00e7\u00e3o Comercial de Santos e todos os seus funcion\u00e1rios t\u00eam a responsabilidade e o compromisso de atuar de forma \u00e9tica e \u00edntegra em todas as \u00e1reas e n\u00edveis de a\u00e7\u00e3o. Tem tamb\u00e9m como obriga\u00e7\u00e3o divulgar esses princ\u00edpios, visando a consolida\u00e7\u00e3o de uma cultura em que prevale\u00e7am sempre os valores morais. Ao atuar nessa linha, contribuir\u00e1 para o desenvolvimento de um ambiente saud\u00e1vel e digno de uma sociedade que n\u00e3o transige em rela\u00e7\u00e3o a uma conduta pautada pelo respeito coletivo.<\/p>\n<p>O C\u00f3digo de \u00c9tica dever\u00e1 ser observado, rigorosamente, por todos os funcion\u00e1rios, gestores, colaboradores, diretores, conselheiros, coordenadores das C\u00e2maras Setoriais e seus respectivos membros nas rela\u00e7\u00f5es internas e com terceiros.<\/p>\n<p><a href=\"https:\/\/acs.org.br\/antigo\/wp-content\/uploads\/2021\/08\/ComplianceACS.pdf\"><strong>Confira o C\u00f3digo de \u00c9tica<\/strong><\/a><\/p>\n","protected":false},"excerpt":{"rendered":"<p>A Associa\u00e7\u00e3o Comercial de Santos e todos os seus funcion\u00e1rios t\u00eam a responsabilidade e o compromisso de atuar de forma \u00e9tica e \u00edntegra em todas as \u00e1reas e n\u00edveis de a\u00e7\u00e3o. Tem tamb\u00e9m como obriga\u00e7\u00e3o divulgar esses princ\u00edpios, visando a consolida\u00e7\u00e3o de uma cultura em que prevale\u00e7am sempre os valores morais. Ao atuar nessa linha, [&hellip;]<\/p>\n","protected":false},"author":1,"featured_media":0,"parent":0,"menu_order":0,"comment_status":"closed","ping_status":"closed","template":"pages\/page-internas.php","meta":{"footnotes":""},"_links":{"self":[{"href":"https:\/\/acs.org.br\/academy\/wp-json\/wp\/v2\/pages\/83"}],"collection":[{"href":"https:\/\/acs.org.br\/academy\/wp-json\/wp\/v2\/pages"}],"about":[{"href":"https:\/\/acs.org.br\/academy\/wp-json\/wp\/v2\/types\/page"}],"author":[{"embeddable":true,"href":"https:\/\/acs.org.br\/academy\/wp-json\/wp\/v2\/users\/1"}],"replies":[{"embeddable":true,"href":"https:\/\/acs.org.br\/academy\/wp-json\/wp\/v2\/comments?post=83"}],"version-history":[{"count":2,"href":"https:\/\/acs.org.br\/academy\/wp-json\/wp\/v2\/pages\/83\/revisions"}],"predecessor-version":[{"id":98596,"href":"https:\/\/acs.org.br\/academy\/wp-json\/wp\/v2\/pages\/83\/revisions\/98596"}],"wp:attachment":[{"href":"https:\/\/acs.org.br\/academy\/wp-json\/wp\/v2\/media?parent=83"}],"curies":[{"name":"wp","href":"https:\/\/api.w.org\/{rel}","templated":true}]}}