{"id":81,"date":"2021-04-16T10:03:45","date_gmt":"2021-04-16T10:03:45","guid":{"rendered":"http:\/\/localhost:8888\/?page_id=81"},"modified":"2021-07-22T15:54:43","modified_gmt":"2021-07-22T18:54:43","slug":"atuacao-institucional","status":"publish","type":"page","link":"https:\/\/acs.org.br\/academy\/atuacao-institucional\/","title":{"rendered":"Atua\u00e7\u00e3o Institucional"},"content":{"rendered":"<p>A Associa\u00e7\u00e3o Comercial de Santos tem assento e representatividade em \u00f3rg\u00e3os municipais, estaduais e federais, condi\u00e7\u00e3o conquistada ao longo da sua hist\u00f3ria de participa\u00e7\u00e3o nos assuntos de interesse local, regional e nacional.<\/p>\n<p>Eis as entidades onde a Associa\u00e7\u00e3o Comercial de Santos tem assento ou representatividade:<\/p>\n<p>Associa\u00e7\u00e3o dos Amigos do Museu dos Caf\u00e9s do Brasil<\/p>\n<p>C\u00e2mara Setorial de Caf\u00e9 do Estado de S\u00e3o Paulo<\/p>\n<p>Centro de Excel\u00eancia Portu\u00e1ria (CENEP)<\/p>\n<p>Comiss\u00e3o Local de Facilita\u00e7\u00e3o de Com\u00e9rcio &#8211; Colfac da ALF\/Santos<\/p>\n<p>Comit\u00ea Municipal de Mobiliza\u00e7\u00e3o Contra a Dengue<\/p>\n<p>Confedera\u00e7\u00e3o das Associa\u00e7\u00f5es Comerciais e Empresariais do Brasil (CACB)<\/p>\n<p>Conselho Consultivo da Cadeia Velha de Santos \u2013 \u201cOficina Cultural Pagu<\/p>\n<p>Conselho de Administra\u00e7\u00e3o da Funda\u00e7\u00e3o Parque Tecnol\u00f3gico de Santos<\/p>\n<p>Conselho de Autoridade Portu\u00e1ria (CAP)<\/p>\n<p>Conselho de Defesa do Patrim\u00f4nio Cultural de Santos (CONDEPASA)<\/p>\n<p>Conselho dos Exportadores de Caf\u00e9 do Brasil (CECAF\u00c9)<\/p>\n<p>Conselho Fiscal &#8211; Museu do Caf\u00e9<\/p>\n<p>Conselho Fiscal da Funda\u00e7\u00e3o Parque Tecnol\u00f3gico de Santos<\/p>\n<p>Conselho Fiscal do INCI-Instituto de Preserva\u00e7\u00e3o e Difus\u00e3o da Hist\u00f3ria do Caf\u00e9 e da Imigra\u00e7\u00e3o<\/p>\n<p>Conselho Municipal de Defesa do Meio Ambiente (COMDEMA)<\/p>\n<p>Conselho Municipal de Desenvolvimento Urbano (CMDU)<\/p>\n<p>Conselho Municipal de Emprego, Trabalho e Renda de Santos (COEMPREGO)<\/p>\n<p>Conselho Municipal de Saneamento B\u00e1sico de Santos<\/p>\n<p>Conselho Municipal de Seguran\u00e7a (CONSEM)<\/p>\n<p>Conselho Municipal de Transpar\u00eancia Institucional, Fiscaliza\u00e7\u00e3o Adm. Controle Social de Santos<\/p>\n<p>Conselho Municipal de Turismo (COMTUR)<\/p>\n<p>Conselho Municipal dos Direitos da Crian\u00e7a e do Adolescente de Santos<\/p>\n<p>Federa\u00e7\u00e3o das Associa\u00e7\u00f5es Comerciais do Estado de S\u00e3o Paulo (FACESP)<\/p>\n<p>Junta de Recursos Fiscais da Prefeitura de Santos<\/p>\n<p>\u00d3rg\u00e3o Gestor de M\u00e3o de Obra (OGMO) do Porto de Santos<\/p>\n<p>Programa Prefeito Amigo da Crian\u00e7a (PPAC)<\/p>\n<p>Santos e Regi\u00e3o Convention &amp; Visitors Bureau<\/p>\n","protected":false},"excerpt":{"rendered":"<p>A Associa\u00e7\u00e3o Comercial de Santos tem assento e representatividade em \u00f3rg\u00e3os municipais, estaduais e federais, condi\u00e7\u00e3o conquistada ao longo da sua hist\u00f3ria de participa\u00e7\u00e3o nos assuntos de interesse local, regional e nacional. Eis as entidades onde a Associa\u00e7\u00e3o Comercial de Santos tem assento ou representatividade: Associa\u00e7\u00e3o dos Amigos do Museu dos Caf\u00e9s do Brasil C\u00e2mara [&hellip;]<\/p>\n","protected":false},"author":1,"featured_media":0,"parent":0,"menu_order":0,"comment_status":"closed","ping_status":"closed","template":"pages\/page-internas.php","meta":{"footnotes":""},"_links":{"self":[{"href":"https:\/\/acs.org.br\/academy\/wp-json\/wp\/v2\/pages\/81"}],"collection":[{"href":"https:\/\/acs.org.br\/academy\/wp-json\/wp\/v2\/pages"}],"about":[{"href":"https:\/\/acs.org.br\/academy\/wp-json\/wp\/v2\/types\/page"}],"author":[{"embeddable":true,"href":"https:\/\/acs.org.br\/academy\/wp-json\/wp\/v2\/users\/1"}],"replies":[{"embeddable":true,"href":"https:\/\/acs.org.br\/academy\/wp-json\/wp\/v2\/comments?post=81"}],"version-history":[{"count":2,"href":"https:\/\/acs.org.br\/academy\/wp-json\/wp\/v2\/pages\/81\/revisions"}],"predecessor-version":[{"id":473,"href":"https:\/\/acs.org.br\/academy\/wp-json\/wp\/v2\/pages\/81\/revisions\/473"}],"wp:attachment":[{"href":"https:\/\/acs.org.br\/academy\/wp-json\/wp\/v2\/media?parent=81"}],"curies":[{"name":"wp","href":"https:\/\/api.w.org\/{rel}","templated":true}]}}