{"id":59,"date":"2021-04-15T16:42:18","date_gmt":"2021-04-15T16:42:18","guid":{"rendered":"http:\/\/localhost:8888\/?page_id=59"},"modified":"2021-08-09T15:24:10","modified_gmt":"2021-08-09T18:24:10","slug":"regulamento-interno-da-associacao-comercial-de-santos","status":"publish","type":"page","link":"https:\/\/acs.org.br\/academy\/regulamento-interno-da-associacao-comercial-de-santos\/","title":{"rendered":"Regulamento Interno da Associa\u00e7\u00e3o Comercial de Santos"},"content":{"rendered":"<p>A Associa\u00e7\u00e3o Comercial de Santos (ACS) aprovou altera\u00e7\u00f5es no Regulamento Interno da entidade, em reuni\u00e3o do Conselho de C\u00e2maras Setorias, realizada em 12 de julho de 2012.<\/p>\n<p><a href=\"http:\/\/www.acs.org.br\/wp-content\/uploads\/2012\/07\/2012-07-12-regulamento-acs2.pdf\">Confira o texto do Regulamento Interno da Associa\u00e7\u00e3o Comercial de Santos<\/a><\/p>\n","protected":false},"excerpt":{"rendered":"<p>A Associa\u00e7\u00e3o Comercial de Santos (ACS) aprovou altera\u00e7\u00f5es no Regulamento Interno da entidade, em reuni\u00e3o do Conselho de C\u00e2maras Setorias, realizada em 12 de julho de 2012. Confira o texto do Regulamento Interno da Associa\u00e7\u00e3o Comercial de Santos<\/p>\n","protected":false},"author":1,"featured_media":0,"parent":0,"menu_order":0,"comment_status":"closed","ping_status":"closed","template":"pages\/page-internas.php","meta":{"footnotes":""},"_links":{"self":[{"href":"https:\/\/acs.org.br\/academy\/wp-json\/wp\/v2\/pages\/59"}],"collection":[{"href":"https:\/\/acs.org.br\/academy\/wp-json\/wp\/v2\/pages"}],"about":[{"href":"https:\/\/acs.org.br\/academy\/wp-json\/wp\/v2\/types\/page"}],"author":[{"embeddable":true,"href":"https:\/\/acs.org.br\/academy\/wp-json\/wp\/v2\/users\/1"}],"replies":[{"embeddable":true,"href":"https:\/\/acs.org.br\/academy\/wp-json\/wp\/v2\/comments?post=59"}],"version-history":[{"count":3,"href":"https:\/\/acs.org.br\/academy\/wp-json\/wp\/v2\/pages\/59\/revisions"}],"predecessor-version":[{"id":98601,"href":"https:\/\/acs.org.br\/academy\/wp-json\/wp\/v2\/pages\/59\/revisions\/98601"}],"wp:attachment":[{"href":"https:\/\/acs.org.br\/academy\/wp-json\/wp\/v2\/media?parent=59"}],"curies":[{"name":"wp","href":"https:\/\/api.w.org\/{rel}","templated":true}]}}