{"id":45,"date":"2021-04-15T12:23:52","date_gmt":"2021-04-15T12:23:52","guid":{"rendered":"http:\/\/localhost:8888\/?page_id=45"},"modified":"2022-04-12T14:07:40","modified_gmt":"2022-04-12T17:07:40","slug":"historia-da-associacao-comercial-de-santos","status":"publish","type":"page","link":"https:\/\/acs.org.br\/academy\/historia-da-associacao-comercial-de-santos\/","title":{"rendered":"Hist\u00f3ria da Associa\u00e7\u00e3o Comercial de Santos"},"content":{"rendered":"","protected":false},"excerpt":{"rendered":"","protected":false},"author":1,"featured_media":0,"parent":0,"menu_order":0,"comment_status":"closed","ping_status":"closed","template":"pages\/page-historia.php","meta":{"footnotes":""},"_links":{"self":[{"href":"https:\/\/acs.org.br\/academy\/wp-json\/wp\/v2\/pages\/45"}],"collection":[{"href":"https:\/\/acs.org.br\/academy\/wp-json\/wp\/v2\/pages"}],"about":[{"href":"https:\/\/acs.org.br\/academy\/wp-json\/wp\/v2\/types\/page"}],"author":[{"embeddable":true,"href":"https:\/\/acs.org.br\/academy\/wp-json\/wp\/v2\/users\/1"}],"replies":[{"embeddable":true,"href":"https:\/\/acs.org.br\/academy\/wp-json\/wp\/v2\/comments?post=45"}],"version-history":[{"count":11,"href":"https:\/\/acs.org.br\/academy\/wp-json\/wp\/v2\/pages\/45\/revisions"}],"predecessor-version":[{"id":106256,"href":"https:\/\/acs.org.br\/academy\/wp-json\/wp\/v2\/pages\/45\/revisions\/106256"}],"wp:attachment":[{"href":"https:\/\/acs.org.br\/academy\/wp-json\/wp\/v2\/media?parent=45"}],"curies":[{"name":"wp","href":"https:\/\/api.w.org\/{rel}","templated":true}]}}