{"id":151,"date":"2021-04-19T16:09:49","date_gmt":"2021-04-19T16:09:49","guid":{"rendered":"http:\/\/localhost:8888\/?page_id=151"},"modified":"2021-04-19T16:09:49","modified_gmt":"2021-04-19T16:09:49","slug":"digitalizacao-de-documentos","status":"publish","type":"page","link":"https:\/\/acs.org.br\/academy\/digitalizacao-de-documentos\/","title":{"rendered":"Digitaliza\u00e7\u00e3o de Documentos"},"content":{"rendered":"<p>Diversas empresas j\u00e1 comprovam na pr\u00e1tica os benef\u00edcios da digitaliza\u00e7\u00e3o, que consiste na pr\u00e1tica de transformar documenta\u00e7\u00f5es f\u00edsicas em dados digitais organizados e simples de consultar.<\/p>\n<p>Desde de abril de 2021, a Associa\u00e7\u00e3o Comercial de Santos (ACS) oferece o servi\u00e7o de digitaliza\u00e7\u00e3o de documentos. <\/p>\n<p>O servi\u00e7o \u00e9 realizado em quatro etapas:<\/p>\n<p>&nbsp;<\/p>\n<p><strong><b>Prepara\u00e7\u00e3o<\/b><\/strong><\/p>\n<p>Os documentos passam por um processo para tornarem-se aptos \u00e0 digitaliza\u00e7\u00e3o. Esta tarefa engloba atividades como retirada de todos os clipes, grampos, entre outros<\/p>\n<p>&nbsp;<\/p>\n<p><strong><b>Digitaliza\u00e7\u00e3o<\/b><\/strong><\/p>\n<p>O documento \u00e9 colocado no scanner e a partir da\u00ed \u00e9 gerada a imagem digital, disponibilizando-a para uma posterior pesquisa, de forma r\u00e1pida e objetiva.<\/p>\n<p>&nbsp;<\/p>\n<p><strong><b>Indexa\u00e7\u00e3o<\/b><\/strong><\/p>\n<p>O documento que foi digitalizado ganha uma identidade, para possibilitar que o acesso a ele seja r\u00e1pido e preciso.<\/p>\n<p>&nbsp;<\/p>\n<p><strong><b>Controle de Qualidade<\/b><\/strong><\/p>\n<p>As imagens geradas a partir do processo de digitaliza\u00e7\u00e3o s\u00e3o revisadas para verificar se est\u00e3o de acordo com as especifica\u00e7\u00f5es t\u00e9cnicas determinadas pelo projeto.<\/p>\n<p>&nbsp;<\/p>\n<p>Interessados podem ligar no (13) 32128200 ou mandar um e-mail para <a href=\"mailto:acs@acs.org.br\"><u>acs@acs.org.br<\/u><\/a>\u00a0para solicitar o servi\u00e7o.<\/p>\n","protected":false},"excerpt":{"rendered":"<p>Diversas empresas j\u00e1 comprovam na pr\u00e1tica os benef\u00edcios da digitaliza\u00e7\u00e3o, que consiste na pr\u00e1tica de transformar documenta\u00e7\u00f5es f\u00edsicas em dados digitais organizados e simples de consultar. Desde de abril de 2021, a Associa\u00e7\u00e3o Comercial de Santos (ACS) oferece o servi\u00e7o de digitaliza\u00e7\u00e3o de documentos. O servi\u00e7o \u00e9 realizado em quatro etapas: &nbsp; Prepara\u00e7\u00e3o Os documentos [&hellip;]<\/p>\n","protected":false},"author":1,"featured_media":0,"parent":0,"menu_order":0,"comment_status":"closed","ping_status":"closed","template":"pages\/page-internas.php","meta":{"footnotes":""},"_links":{"self":[{"href":"https:\/\/acs.org.br\/academy\/wp-json\/wp\/v2\/pages\/151"}],"collection":[{"href":"https:\/\/acs.org.br\/academy\/wp-json\/wp\/v2\/pages"}],"about":[{"href":"https:\/\/acs.org.br\/academy\/wp-json\/wp\/v2\/types\/page"}],"author":[{"embeddable":true,"href":"https:\/\/acs.org.br\/academy\/wp-json\/wp\/v2\/users\/1"}],"replies":[{"embeddable":true,"href":"https:\/\/acs.org.br\/academy\/wp-json\/wp\/v2\/comments?post=151"}],"version-history":[{"count":0,"href":"https:\/\/acs.org.br\/academy\/wp-json\/wp\/v2\/pages\/151\/revisions"}],"wp:attachment":[{"href":"https:\/\/acs.org.br\/academy\/wp-json\/wp\/v2\/media?parent=151"}],"curies":[{"name":"wp","href":"https:\/\/api.w.org\/{rel}","templated":true}]}}