{"id":117,"date":"2021-04-16T10:47:27","date_gmt":"2021-04-16T10:47:27","guid":{"rendered":"http:\/\/localhost:8888\/?page_id=117"},"modified":"2021-04-16T10:47:27","modified_gmt":"2021-04-16T10:47:27","slug":"assessoria-de-comunicacao","status":"publish","type":"page","link":"https:\/\/acs.org.br\/academy\/assessoria-de-comunicacao\/","title":{"rendered":"Departamento de Comunica\u00e7\u00e3o"},"content":{"rendered":"<p>Para agendar entrevistas com o presidente e diretores da Associa\u00e7\u00e3o Comercial de Santos (ACS) e obter informa\u00e7\u00f5es sobre a entidade e sobre cursos e servi\u00e7os, entre em contato com\u00a0a Assessoria\u00a0de Comunica\u00e7\u00e3o da ACS.<\/p>\n<p>Estamos sempre \u00e0 disposi\u00e7\u00e3o para atend\u00ea-lo.<\/p>\n<p>\n<strong><b>E-mail:<\/b><\/strong>\u00a0<a href=\"mailto:imprensa@acs.org.br\">imprensa@acs.org.br<\/a><\/p>\n<p><strong><b>Telefone:<\/b><\/strong>\u00a0(13) 3212-8200 &#8211; ramal 238\/239\u00a0<\/p>\n<p><strong><b>Associa\u00e7\u00e3o Comercial de Santos<\/b><\/strong><br \/>\nAssessoria\u00a0de Comunica\u00e7\u00e3o \/ Assessoria de Imprensa<br \/>\nRua XV de Novembro, 137 &#8211; 1.\u00ba andar, Centro Hist\u00f3rico<br \/>\n11010-151 Santos &#8211; SP (Brasil)<br \/>\n<a href=\"http:\/\/www.acs.org.br\/\"><strong><b>www.acs.org.br<\/b><\/strong><\/a><\/p>\n","protected":false},"excerpt":{"rendered":"<p>Para agendar entrevistas com o presidente e diretores da Associa\u00e7\u00e3o Comercial de Santos (ACS) e obter informa\u00e7\u00f5es sobre a entidade e sobre cursos e servi\u00e7os, entre em contato com\u00a0a Assessoria\u00a0de Comunica\u00e7\u00e3o da ACS. Estamos sempre \u00e0 disposi\u00e7\u00e3o para atend\u00ea-lo. E-mail:\u00a0imprensa@acs.org.br Telefone:\u00a0(13) 3212-8200 &#8211; ramal 238\/239\u00a0 Associa\u00e7\u00e3o Comercial de Santos Assessoria\u00a0de Comunica\u00e7\u00e3o \/ Assessoria de Imprensa [&hellip;]<\/p>\n","protected":false},"author":1,"featured_media":0,"parent":0,"menu_order":0,"comment_status":"closed","ping_status":"closed","template":"pages\/page-internas.php","meta":{"footnotes":""},"_links":{"self":[{"href":"https:\/\/acs.org.br\/academy\/wp-json\/wp\/v2\/pages\/117"}],"collection":[{"href":"https:\/\/acs.org.br\/academy\/wp-json\/wp\/v2\/pages"}],"about":[{"href":"https:\/\/acs.org.br\/academy\/wp-json\/wp\/v2\/types\/page"}],"author":[{"embeddable":true,"href":"https:\/\/acs.org.br\/academy\/wp-json\/wp\/v2\/users\/1"}],"replies":[{"embeddable":true,"href":"https:\/\/acs.org.br\/academy\/wp-json\/wp\/v2\/comments?post=117"}],"version-history":[{"count":0,"href":"https:\/\/acs.org.br\/academy\/wp-json\/wp\/v2\/pages\/117\/revisions"}],"wp:attachment":[{"href":"https:\/\/acs.org.br\/academy\/wp-json\/wp\/v2\/media?parent=117"}],"curies":[{"name":"wp","href":"https:\/\/api.w.org\/{rel}","templated":true}]}}