{"id":107,"date":"2021-04-16T10:42:25","date_gmt":"2021-04-16T10:42:25","guid":{"rendered":"http:\/\/localhost:8888\/?page_id=107"},"modified":"2021-08-06T18:06:10","modified_gmt":"2021-08-06T21:06:10","slug":"condesan","status":"publish","type":"page","link":"https:\/\/acs.org.br\/academy\/condesan\/","title":{"rendered":"Condesan"},"content":{"rendered":"<p>O Conselho de \u00a0Desenvolvimento Econ\u00f4mico de Santos (Condesan) foi criado em 11 de \u00a0dezembro de 2019 na Associa\u00e7\u00e3o Comercial de Santos (ACS).<\/p>\n<p>Na ocasi\u00e3o, o diretor-presidente da TV Tribuna, Roberto Clemente Santini, na \u00e9poca presidente da ACS, fez quest\u00e3o de ressaltar a import\u00e2ncia da implanta\u00e7\u00e3o do \u00f3rg\u00e3o para o desenvolvimento da regi\u00e3o a m\u00e9dio e longo prazos.<\/p>\n<p>Dando sequ\u00eancia \u00e0 proposta lan\u00e7ada por Santini, o atual presidente da ACS, Mauro Sammarco (2020-2023), enfatizou a import\u00e2ncia do Conselho para o desenvolvimento da regi\u00e3o e fez com que a ACS assumisse a responsabilidade de viabilizar financeiramente a contrata\u00e7\u00e3o dos consultores Silvio Barros (ex-prefeito de Maring\u00e1 e Marcia Santin).<\/p>\n<p>Na fase inicial, o Conselho contou com os parceiros Associa\u00e7\u00e3o dos Empres\u00e1rios da Constru\u00e7\u00e3o Civil da Baixada Santista (Assecob), Universidade Cat\u00f3lica de Santos e Sindicato de Hot\u00e9is, Restaurantes, Bares e Similares (SiNhores).<\/p>\n<p><strong><b>A ideia<\/b><\/strong><\/p>\n<p>O presidente da Assecob\/Sinduscon-SP, Ricardo Beschizza, foi um dos incentivadores da implanta\u00e7\u00e3o do Conselho. \u00a0A ideia de trazer o projeto para Santos surgiu durante a realiza\u00e7\u00e3o do FICON (F\u00f3rum da Ind\u00fastria da Constru\u00e7\u00e3o de Santos e Regi\u00e3o), realizado em 2018, a partir de uma sugest\u00e3o do presidente da CBIC, Jos\u00e9 Carlos Rodrigues Martins<\/p>\n<p>A partir da\u00ed, a Associa\u00e7\u00e3o Comercial de Santos, a Assecob (Associa\u00e7\u00e3o dos Empres\u00e1rios da Constru\u00e7\u00e3o Civil), o SindusCon-SP e o Secovi-SP se uniram para trazer o projeto \u00e0 cidade, mais especificamente \u00e0 sede da ACS.<\/p>\n<p><strong><b>A\u00e7\u00f5es para planejar o futuro de Santos: <\/b><\/strong><\/p>\n<p>O Condesan visa o planejamento da cidade para as pr\u00f3ximas d\u00e9cadas, com foco na Sa\u00fade, Educa\u00e7\u00e3o, Planejamento Urbano, Desenvolvimento Econ\u00f4mico, Turismo e Eventos, Social e Seguran\u00e7a, Inova\u00e7\u00e3o e Ambiental.<\/p>\n<p>Para facilitar o planejamento do futuro do Munic\u00edpios, os consultores S\u00edlvio Barros e Marcia Santin sugeriram formar nove Grupos de Trabalho, cada um relacionado a um tema. Os grupos s\u00e3o formados por empres\u00e1rios, l\u00edderes comunit\u00e1rios, representantes de universidades, Prefeitura e do setor produtivo,<\/p>\n<p>\nQuem tiver interesse em entrar em contato com o Conselho de Desenvolvimento Econ\u00f4mico de Santos (Condesan) deve enviar um e-mail para\u00a0<a href=\"mailto:condesan@condesan.com.br\">condesan@condesan.com.br<\/a>.<\/p>\n<p>\n\u00a0Tamb\u00e9m ser\u00e1 poss\u00edvel, por nosso interm\u00e9dio, \u00a0contato com os coordenadores dos noves Grupos de Trabalho, a saber:<\/p>\n<p>\u00a01-Desenvolvimento Econ\u00f4mico: Andr\u00e9 Canoilas;<\/p>\n<p>2- Educa\u00e7\u00e3o: Alexandre Saul;<\/p>\n<p>3- Gest\u00e3o P\u00fablica: Adilelson Pereira;<\/p>\n<p>4- Inova\u00e7\u00e3o: Alexandre Ehrenberger;<\/p>\n<p>5-\u00a0 Meio Ambiente: Marcos Campos;<\/p>\n<p>6- Planejamento Urbano: Gustavo Zagatto;<\/p>\n<p>7- Sa\u00fade: Marcelo Noronha;<\/p>\n<p>8- Social e Seguran\u00e7a:\u00a0 Ronaldo Taboada;<\/p>\n<p>9- Turismo e Eventos: Leonardo Carvalho.<\/p>\n<p>Obs.: eventuais reflex\u00f5es podem ser encaminhadas tamb\u00e9m, por nosso interm\u00e9dio, para os consultores, S\u00edlvio Barros e Marcia Santin.<\/p>\n<p>\u00a0E ainda para o diretor-executivo Aldato Corr\u00eaa Jr:<\/p>\n<p>\u00a0E-mail: <a href=\"mailto:adalto.correa@acs.org.br\">adalto.correa@acs.org.br<\/a><br \/>\n\u00a0PABX ACS: (13) 32-12-8200<\/p>\n","protected":false},"excerpt":{"rendered":"<p>O Conselho de \u00a0Desenvolvimento Econ\u00f4mico de Santos (Condesan) foi criado em 11 de \u00a0dezembro de 2019 na Associa\u00e7\u00e3o Comercial de Santos (ACS). Na ocasi\u00e3o, o diretor-presidente da TV Tribuna, Roberto Clemente Santini, na \u00e9poca presidente da ACS, fez quest\u00e3o de ressaltar a import\u00e2ncia da implanta\u00e7\u00e3o do \u00f3rg\u00e3o para o desenvolvimento da regi\u00e3o a m\u00e9dio e [&hellip;]<\/p>\n","protected":false},"author":1,"featured_media":0,"parent":0,"menu_order":0,"comment_status":"closed","ping_status":"closed","template":"pages\/page-internas.php","meta":{"footnotes":""},"_links":{"self":[{"href":"https:\/\/acs.org.br\/academy\/wp-json\/wp\/v2\/pages\/107"}],"collection":[{"href":"https:\/\/acs.org.br\/academy\/wp-json\/wp\/v2\/pages"}],"about":[{"href":"https:\/\/acs.org.br\/academy\/wp-json\/wp\/v2\/types\/page"}],"author":[{"embeddable":true,"href":"https:\/\/acs.org.br\/academy\/wp-json\/wp\/v2\/users\/1"}],"replies":[{"embeddable":true,"href":"https:\/\/acs.org.br\/academy\/wp-json\/wp\/v2\/comments?post=107"}],"version-history":[{"count":4,"href":"https:\/\/acs.org.br\/academy\/wp-json\/wp\/v2\/pages\/107\/revisions"}],"predecessor-version":[{"id":98520,"href":"https:\/\/acs.org.br\/academy\/wp-json\/wp\/v2\/pages\/107\/revisions\/98520"}],"wp:attachment":[{"href":"https:\/\/acs.org.br\/academy\/wp-json\/wp\/v2\/media?parent=107"}],"curies":[{"name":"wp","href":"https:\/\/api.w.org\/{rel}","templated":true}]}}