{"id":105,"date":"2021-04-16T10:40:59","date_gmt":"2021-04-16T10:40:59","guid":{"rendered":"http:\/\/localhost:8888\/?page_id=105"},"modified":"2023-03-27T15:55:32","modified_gmt":"2023-03-27T18:55:32","slug":"certificado-digital","status":"publish","type":"page","link":"https:\/\/acs.org.br\/academy\/certificado-digital\/","title":{"rendered":"Certificado Digital"},"content":{"rendered":"<h4><a href=\"http:\/\/www.accertificadodigital.com.br\/1053260772\"><img loading=\"lazy\" decoding=\"async\" class=\"wp-image-100564 size-full aligncenter\" src=\"https:\/\/acs.org.br\/antigo\/wp-content\/uploads\/2021\/10\/banner-certificado.jpg\" alt=\"\" width=\"860\" height=\"112\" srcset=\"https:\/\/acs.org.br\/academy\/wp-content\/uploads\/2021\/10\/banner-certificado.jpg 860w, https:\/\/acs.org.br\/academy\/wp-content\/uploads\/2021\/10\/banner-certificado-600x78.jpg 600w, https:\/\/acs.org.br\/academy\/wp-content\/uploads\/2021\/10\/banner-certificado-300x39.jpg 300w, https:\/\/acs.org.br\/academy\/wp-content\/uploads\/2021\/10\/banner-certificado-768x100.jpg 768w\" sizes=\"(max-width: 860px) 100vw, 860px\" \/><\/a><a href=\"http:\/\/www.accertificadodigital.com.br\/1053260772\" target=\"_blank\" rel=\"noopener\"><br \/>\n<\/a><\/h4>\n<p>&nbsp;<\/p>\n<h4><strong><b>O que \u00e9 Certificado Digital?<\/b><\/strong><\/h4>\n<p>\u00c9 um arquivo no computador desenvolvido para identifica\u00e7\u00e3o da pessoa f\u00edsica ou pessoa jur\u00eddica nas opera\u00e7\u00f5es via Internet. Alguns aplicativos de software utilizam esse arquivo para comprovar a identidade para outra pessoa ou outro computador.<\/p>\n<p>&nbsp;<\/p>\n<h4><strong><b>Para que serve?<\/b><\/strong><\/h4>\n<p>O documento eletr\u00f4nico de identidade e-CPF (Cadastro de Pessoa F\u00edsica Eletr\u00f4nico) ou e-CNPJ (Cadastro Nacional de Pessoa Jur\u00eddica Eletr\u00f4nico) \u00e9 utilizado para garantir a autenticidade dos remetentes e destinat\u00e1rios de documentos e dados que trafegam pela Internet, assegurando a inviolabilidade.<\/p>\n<p>O e-CPF e o e-CNPJ foram criados para facilitar o relacionamento entre os contribuintes e a Secretaria da Receita Federal (SRF).<\/p>\n<p><em>Tanto o e-CPF quanto o e-CNPJ podem ser utilizados para assinar digitalmente documentos eletr\u00f4nicos.<\/em><\/p>\n<p>A assinatura digital \u00e9 um mecanismo que permite a verifica\u00e7\u00e3o da identidade do signat\u00e1rio e garante que o documento n\u00e3o foi alterado ap\u00f3s a assinatura.<\/p>\n<p>&nbsp;<\/p>\n<h5><strong>* Adquira seu certificado digital:\u00a0<a href=\"http:\/\/www.accertificadodigital.com.br\/1053260772\">clique aqui<\/a><\/strong><\/h5>\n<h5><strong>* Agendamento de valida\u00e7\u00e3o:<a href=\"https:\/\/www.certisign.com.br\/duvidas-suporte\/agendamento\"> clique aqui<\/a><\/strong><\/h5>\n<h5><strong>* D\u00favidas e suporte: <a href=\"https:\/\/www.certisign.com.br\/duvidas-suporte\">clique aqui<\/a><\/strong><\/h5>\n<h5><strong>* Revogar seu certificado: <a href=\"https:\/\/www.certisign.com.br\/duvidas-suporte\/revogacao\">clique aqui<\/a><\/strong><\/h5>\n<h5><strong>* Teste seu certificado: <a href=\"https:\/\/www.certisign.com.br\/duvidas-suporte\/certificado-digital\/teste-certificado\">clique aqui<\/a><\/strong><\/h5>\n<h5><strong>* Solicitar reembolso\/Cancelamento do pedido: <a href=\"https:\/\/www.certisign.com.br\/reembolso\">clique aqui<\/a><\/strong><\/h5>\n<h5><strong>* Solicita\u00e7\u00e3o de 2\u00ba via e altera\u00e7\u00e3o de notas fiscais: <a href=\"https:\/\/www.certisign.com.br\/nota\">clique aqui<\/a><\/strong><\/h5>\n<p>&nbsp;<\/p>\n<p><strong>ATENDIMENTO NA ASSOCIA\u00c7\u00c3O COMERCIAL DE SANTOS<\/strong><\/p>\n<p>A Associa\u00e7\u00e3o Comercial de Santos foi credenciada como Autoridade de Registro \u201cAR\u201d\u00a0 pelo Instituto Nacional de Tecnologia da Informa\u00e7\u00e3o (ITI), \u00f3rg\u00e3o subordinado \u00e0 Casa Civil da Presid\u00eancia da Rep\u00fablica. O deferimento ocorreu no dia 27 de mar\u00e7o de 2019, direto de Bras\u00edlia.\u00a0 O servi\u00e7o est\u00e1 dispon\u00edvel na ACS desde o dia 8 de abril.\u00a0<\/p>\n<p><em>Para outras informa\u00e7\u00f5es:<\/em> Emanoele Nascimento (13) 32128200 ramal 227 &#8211;\u00a0<a href=\"mailto:certificacaodigital@acs.org.br\"><u>certificacaodigital@acs.org.br<\/u><\/a><\/p>\n<p>&nbsp;<\/p>\n","protected":false},"excerpt":{"rendered":"<p>&nbsp; O que \u00e9 Certificado Digital? \u00c9 um arquivo no computador desenvolvido para identifica\u00e7\u00e3o da pessoa f\u00edsica ou pessoa jur\u00eddica nas opera\u00e7\u00f5es via Internet. Alguns aplicativos de software utilizam esse arquivo para comprovar a identidade para outra pessoa ou outro computador. &nbsp; Para que serve? O documento eletr\u00f4nico de identidade e-CPF (Cadastro de Pessoa F\u00edsica [&hellip;]<\/p>\n","protected":false},"author":1,"featured_media":0,"parent":0,"menu_order":0,"comment_status":"closed","ping_status":"closed","template":"pages\/page-internas.php","meta":{"footnotes":""},"_links":{"self":[{"href":"https:\/\/acs.org.br\/academy\/wp-json\/wp\/v2\/pages\/105"}],"collection":[{"href":"https:\/\/acs.org.br\/academy\/wp-json\/wp\/v2\/pages"}],"about":[{"href":"https:\/\/acs.org.br\/academy\/wp-json\/wp\/v2\/types\/page"}],"author":[{"embeddable":true,"href":"https:\/\/acs.org.br\/academy\/wp-json\/wp\/v2\/users\/1"}],"replies":[{"embeddable":true,"href":"https:\/\/acs.org.br\/academy\/wp-json\/wp\/v2\/comments?post=105"}],"version-history":[{"count":13,"href":"https:\/\/acs.org.br\/academy\/wp-json\/wp\/v2\/pages\/105\/revisions"}],"predecessor-version":[{"id":115648,"href":"https:\/\/acs.org.br\/academy\/wp-json\/wp\/v2\/pages\/105\/revisions\/115648"}],"wp:attachment":[{"href":"https:\/\/acs.org.br\/academy\/wp-json\/wp\/v2\/media?parent=105"}],"curies":[{"name":"wp","href":"https:\/\/api.w.org\/{rel}","templated":true}]}}