{"id":103,"date":"2021-04-16T10:39:28","date_gmt":"2021-04-16T10:39:28","guid":{"rendered":"http:\/\/localhost:8888\/?page_id=103"},"modified":"2021-05-03T10:31:29","modified_gmt":"2021-05-03T13:31:29","slug":"convenios-com-instituicoes-de-ensino","status":"publish","type":"page","link":"https:\/\/acs.org.br\/academy\/convenios-com-instituicoes-de-ensino\/","title":{"rendered":"Conv\u00eanios com Institui\u00e7\u00f5es de Ensino"},"content":{"rendered":"<p>A Associa\u00e7\u00e3o Comercial de Santos (ACS) mant\u00e9m conv\u00eanios com institui\u00e7\u00f5es de ensino da regi\u00e3o, que oferecem descontos para nossos associados, seus colaboradores e dependentes. Para ter direito ao desconto, o estudante necessitar\u00e1 entregar na ACS uma declara\u00e7\u00e3o de v\u00ednculo empregat\u00edcio com uma das empresas que comp\u00f5em seu quadro de associados constando nome completo, RG e cargo que ocupa. A cada novo semestre, antes da renova\u00e7\u00e3o da matr\u00edcula, o aluno dever\u00e1 renovar o pedido de bolsa e comprovar novamente seu v\u00ednculo empregat\u00edcio.<\/p>\n<p>Confira as institui\u00e7\u00f5es de ensino conveniadas:<\/p>\n<ul>\n<li>Casa Branca Idiomas &#8211; <a href=\"http:\/\/www.casabrancaidiomas.com.br\"><u>www.casabrancaidiomas.com.br<\/u><\/a>\u00a0\u00a0\u00a0<\/li>\n<li>Funda\u00e7\u00e3o Lus\u00edada (Unilus \u2013 Centro Universit\u00e1rio Lus\u00edada) &#8211; <a href=\"http:\/\/www.lusiada.br\"><u>www.lusiada.br<\/u><\/a>\u00a0\u00a0\u00a0<\/li>\n<li>Senac &#8211; <a href=\"http:\/\/www.sp.senac.br\/santos\"><u>www.sp.senac.br\/santos<\/u><\/a>\u00a0<\/li>\n<li>Strong Solutions &#8211; <a href=\"http:\/\/www.strong.com.br\/unidades\/santos\"><u>www.strong.com.br\/unidades\/santos<\/u><\/a>\u00a0<\/li>\n<li>UniBR (Uni\u00e3o Brasileira Educacional) &#8211; <a href=\"http:\/\/www.unibr.com.br\"><u>www.unibr.com.br<\/u><\/a>\u00a0<\/li>\n<li>S\u00e3o Judas \u2013 Campus Unimonte &#8211; <a href=\"http:\/\/www.unimonte.br\"><u>www.unimonte.br<\/u><\/a>\u00a0<\/li>\n<li>Unimes &#8211; <a href=\"http:\/\/www.unimes.br\"><u>www.unimes.br<\/u><\/a>\u00a0\u00a0<\/li>\n<li>Unip &#8211; <a href=\"http:\/\/www.unip.br\"><u>www.unip.br<\/u><\/a>\u00a0<\/li>\n<li>Unisanta &#8211; <a href=\"http:\/\/www.unisanta.br\"><u>www.unisanta.br<\/u><\/a>\u00a0<\/li>\n<li>UniSantos &#8211; <a href=\"http:\/\/www.unisantos.br\"><u>www.unisantos.br<\/u><\/a>\u00a0<\/li>\n<\/ul>\n<h5>Observa\u00e7\u00e3o: Verificar porcentagem na institui\u00e7\u00e3o de ensino.<\/h5>\n","protected":false},"excerpt":{"rendered":"<p>A Associa\u00e7\u00e3o Comercial de Santos (ACS) mant\u00e9m conv\u00eanios com institui\u00e7\u00f5es de ensino da regi\u00e3o, que oferecem descontos para nossos associados, seus colaboradores e dependentes. Para ter direito ao desconto, o estudante necessitar\u00e1 entregar na ACS uma declara\u00e7\u00e3o de v\u00ednculo empregat\u00edcio com uma das empresas que comp\u00f5em seu quadro de associados constando nome completo, RG e [&hellip;]<\/p>\n","protected":false},"author":1,"featured_media":0,"parent":0,"menu_order":0,"comment_status":"closed","ping_status":"closed","template":"pages\/page-internas.php","meta":{"footnotes":""},"_links":{"self":[{"href":"https:\/\/acs.org.br\/academy\/wp-json\/wp\/v2\/pages\/103"}],"collection":[{"href":"https:\/\/acs.org.br\/academy\/wp-json\/wp\/v2\/pages"}],"about":[{"href":"https:\/\/acs.org.br\/academy\/wp-json\/wp\/v2\/types\/page"}],"author":[{"embeddable":true,"href":"https:\/\/acs.org.br\/academy\/wp-json\/wp\/v2\/users\/1"}],"replies":[{"embeddable":true,"href":"https:\/\/acs.org.br\/academy\/wp-json\/wp\/v2\/comments?post=103"}],"version-history":[{"count":1,"href":"https:\/\/acs.org.br\/academy\/wp-json\/wp\/v2\/pages\/103\/revisions"}],"predecessor-version":[{"id":218,"href":"https:\/\/acs.org.br\/academy\/wp-json\/wp\/v2\/pages\/103\/revisions\/218"}],"wp:attachment":[{"href":"https:\/\/acs.org.br\/academy\/wp-json\/wp\/v2\/media?parent=103"}],"curies":[{"name":"wp","href":"https:\/\/api.w.org\/{rel}","templated":true}]}}